{"id":768,"date":"2025-12-25T04:25:21","date_gmt":"2025-12-25T04:25:21","guid":{"rendered":"http:\/\/secretariadehaciendaempresas.com\/gob.mx\/?page_id=768"},"modified":"2025-12-25T04:32:18","modified_gmt":"2025-12-25T04:32:18","slug":"tramites-y-servicios","status":"publish","type":"page","link":"https:\/\/secretariadehaciendaempresas.com\/gob.mx\/","title":{"rendered":"El portal \u00fanico de tr\u00e1mites para empresas registradastr\u00e1mites y servicios"},"content":{"rendered":"<div class=\"col-md-7\">\n<h2><\/h2>\n<h2 class=\"bottom-buffer\">El portal \u00fanico de tr\u00e1mites para empresas registradastr\u00e1mites y servicios<\/h2>\n<p>gob.mx es la plataforma que promueve la innovaci\u00f3n en el gobierno, impulsa la eficiencia, y transforma los procesos para proveer de informaci\u00f3n, tr\u00e1mites y una plataforma de participaci\u00f3n a la poblaci\u00f3n.<\/p>\n<p>En este portal podr\u00e1s consultar y realizar tr\u00e1mites de manera r\u00e1pida y eficiente, sin la necesidad de hacer filas y perder tu tiempo, desde tu computadora, m\u00f3vil o tableta.<\/p>\n<p>Adem\u00e1s, simplificamos los requisitos necesarios para que puedas obtener toda la informaci\u00f3n que requieres sobre el gobierno, en un solo punto.<\/p>\n<p>Finalmente, habilitamos medios digitales innovadores para que participes y colabores en la toma de decisiones y construyamos juntos mejores pol\u00edticas p\u00fablicas.<\/p>\n<p>Como gobierno, tenemos la obligaci\u00f3n de evolucionar la manera en la que operan nuestras instituciones, adapt\u00e1ndonos a las crecientes expectativas de la sociedad y respondiendo eficientemente a sus demandas; gob.mx es el replanteamiento de la relaci\u00f3n ciudadano-gobierno.<\/p>\n<p>Gob.mx es una iniciativa encabezada por la Agencia de Transformaci\u00f3n Digital y Telecomunicaciones, en colaboraci\u00f3n con todas las dependencias Administraci\u00f3n P\u00fablica Federal, a fin de brindar a los ciudadanos un gobierno integrado, cercano y moderno.<\/p>\n<p>&nbsp;<\/p>\n<p><!--En <strong>gob.mx\/tramites<\/strong> tendr\u00e1s acceso de forma f\u00e1cil y r\u00e1pida a los tr\u00e1mites m\u00e1s solicitados de la Administraci\u00f3n P\u00fablica Federal, y a toda la informaci\u00f3n que como usuario necesitas para llevarlos a cabo, con la posibilidad de descargar sus formatos, hacer citas, enviar solicitudes y realizar pagos en l\u00ednea. Todo, en un solo punto.\n\nHemos simplificado los requisitos de los tr\u00e1mites, a trav\u00e9s de la interoperabilidad, es decir, intercambiando informaci\u00f3n entre dependencias del estado para no pedirte informaci\u00f3n que el mismo gobierno ya tiene en sus archivos.\n\nHemos establecido un Sello de Excelencia que permitir\u00e1 proveer servicios digitales de alta calidad. Nuestra meta para el 2018 ser\u00e1 reducir el costo econ\u00f3mico (el tiempo que pierdes en la gesti\u00f3n administrativa) de los tr\u00e1mites en un 25%.\u00b9\n\ngob.mx es, adem\u00e1s, una herramienta muy importante para combatir la corrupci\u00f3n. Al realizar tus tr\u00e1mites por internet evitamos a los intermediarios, y por lo tanto, cualquier intento de acto de corrupci\u00f3n tanto de funcionarios como de personas externas que corrompan la transparencia del proceso.\n\n<strong>En gob.mx\/gobierno<\/strong> encontrar\u00e1s la plataforma \u00fanica para la comunicaci\u00f3n de toda la Administraci\u00f3n P\u00fablica Federal, podr\u00e1s conocer las funciones, acciones y programas en los que hoy trabajan las dependencias y entidades del Gobierno de la Rep\u00fablica y las empresas productivas del Estado.\n\nNo tendr\u00e1s que buscar la informaci\u00f3n p\u00fablica en los m\u00e1s de 5 mil sitios de gobierno que exist\u00edan hasta hoy. Tampoco tendr\u00e1s que enfrentarte a sitios desactualizados en plataformas poco accesibles. gob.mx\/gobierno acercar\u00e1 a la poblaci\u00f3n y al gobierno, a trav\u00e9s del dise\u00f1o de sitios simples, con informaci\u00f3n correctamente indexada, 100% accesible y localizada en un solo lugar.\n\n<strong>En gob.mx\/participa<\/strong> hemos innovado para tener una plataforma que facilite escuchar tu ideas, denunciar actos de corrupci\u00f3n y tu colaboraci\u00f3n en la construcci\u00f3n de mejores servicios y de pol\u00edticas p\u00fablicas en una plataforma f\u00e1cil e interactiva.\n\nSomos un gobierno que a trav\u00e9s de esta nueva ventanilla \u00fanica estaremos disponibles 24\/7 para escucharte, invitando a participar, y sobre todo tomando en cuenta las dudas, sugerencias, propuestas, y quejas de nuestros ciudadanos.\n\nEl portal de participa atiende tus peticiones de manera r\u00e1pida, eficiente y efectiva. Las nuevas tecnolog\u00edas nos permiten acercarnos m\u00e1s a los ciudadanos, facilitan nuestra interacci\u00f3n y eliminan las barreras tradicionales que hacen que la burocracia sea costosa e inoperante.\n\n\n\n<hr>\n\n\n\n<span class=\"small\">\u00b9 Costo econ\u00f3mico de los tr\u00e1mites 4.25% del PIB, meta 2018 3.1% del PIB; lo que implica disminuir el costo econ\u00f3mico en un 25%. Actualmente el indicador de costos de los tr\u00e1mites como porcentaje del PIB se ubica en 3.44%[1]; lo que representa un avance de 73% respecto de la meta establecida. <\/span>\n        --><\/p>\n<\/div>\n","protected":false},"excerpt":{"rendered":"<p>El portal \u00fanico de tr\u00e1mites para empresas registradastr\u00e1mites y servicios gob.mx es la plataforma que promueve la innovaci\u00f3n en el gobierno, impulsa la eficiencia, y transforma los procesos para proveer de informaci\u00f3n, tr\u00e1mites y una plataforma de participaci\u00f3n a la poblaci\u00f3n. En este portal podr\u00e1s&#8230;<\/p>\n","protected":false},"author":1,"featured_media":0,"parent":0,"menu_order":0,"comment_status":"closed","ping_status":"closed","template":"","meta":{"footnotes":""},"class_list":["post-768","page","type-page","status-publish","hentry"],"_links":{"self":[{"href":"https:\/\/secretariadehaciendaempresas.com\/gob.mx\/wp-json\/wp\/v2\/pages\/768","targetHints":{"allow":["GET"]}}],"collection":[{"href":"https:\/\/secretariadehaciendaempresas.com\/gob.mx\/wp-json\/wp\/v2\/pages"}],"about":[{"href":"https:\/\/secretariadehaciendaempresas.com\/gob.mx\/wp-json\/wp\/v2\/types\/page"}],"author":[{"embeddable":true,"href":"https:\/\/secretariadehaciendaempresas.com\/gob.mx\/wp-json\/wp\/v2\/users\/1"}],"replies":[{"embeddable":true,"href":"https:\/\/secretariadehaciendaempresas.com\/gob.mx\/wp-json\/wp\/v2\/comments?post=768"}],"version-history":[{"count":3,"href":"https:\/\/secretariadehaciendaempresas.com\/gob.mx\/wp-json\/wp\/v2\/pages\/768\/revisions"}],"predecessor-version":[{"id":774,"href":"https:\/\/secretariadehaciendaempresas.com\/gob.mx\/wp-json\/wp\/v2\/pages\/768\/revisions\/774"}],"wp:attachment":[{"href":"https:\/\/secretariadehaciendaempresas.com\/gob.mx\/wp-json\/wp\/v2\/media?parent=768"}],"curies":[{"name":"wp","href":"https:\/\/api.w.org\/{rel}","templated":true}]}}